{"id":10044,"date":"2025-09-11T19:16:53","date_gmt":"2025-09-11T17:16:53","guid":{"rendered":"https:\/\/adn-conseil.fr\/formation\/wordpress\/?page_id=10044"},"modified":"2025-09-17T18:30:35","modified_gmt":"2025-09-17T16:30:35","slug":"catalogues","status":"publish","type":"page","link":"https:\/\/adn-conseil.fr\/formation\/wordpress\/catalogues\/","title":{"rendered":"Catalogues"},"content":{"rendered":"\t\t<div data-elementor-type=\"wp-page\" data-elementor-id=\"10044\" class=\"elementor elementor-10044\">\n\t\t\t\t\t\t<section data-dynamic-background-color=\"#EAE4E4\" class=\"elementor-section elementor-top-section elementor-element elementor-element-f177ae1 elementor-section-full_width elementor-section-height-default elementor-section-height-default qodef-elementor-content-no qodef-elementor-column-no\" data-id=\"f177ae1\" data-element_type=\"section\" data-settings=\"{&quot;background_background&quot;:&quot;classic&quot;}\">\n\t\t\t\t\t\t<div class=\"elementor-container elementor-column-gap-default\">\n\t\t\t\t\t<div class=\"elementor-column elementor-col-100 elementor-top-column elementor-element elementor-element-a7d7ee9\" data-id=\"a7d7ee9\" data-element_type=\"column\">\n\t\t\t<div class=\"elementor-widget-wrap elementor-element-populated\">\n\t\t\t\t\t\t<div class=\"elementor-element elementor-element-014ecfe elementor-widget elementor-widget-text-editor\" data-id=\"014ecfe\" data-element_type=\"widget\" data-widget_type=\"text-editor.default\">\n\t\t\t\t<div class=\"elementor-widget-container\">\n\t\t\t\t\t\t\t\t\t<h1>Nos catalogues<\/h1>\t\t\t\t\t\t\t\t<\/div>\n\t\t\t\t<\/div>\n\t\t\t\t\t<\/div>\n\t\t<\/div>\n\t\t\t\t\t<\/div>\n\t\t<\/section>\n\t\t\t\t<section data-dynamic-background-color=\"#EAE4E4\" class=\"elementor-section elementor-top-section elementor-element elementor-element-f81e6db elementor-section-full_width elementor-section-height-default elementor-section-height-default qodef-elementor-content-no qodef-elementor-column-no\" data-id=\"f81e6db\" data-element_type=\"section\" id=\"bureau-etude\" data-settings=\"{&quot;background_background&quot;:&quot;classic&quot;}\">\n\t\t\t\t\t\t<div class=\"elementor-container elementor-column-gap-default\">\n\t\t\t\t\t<div class=\"elementor-column elementor-col-50 elementor-top-column elementor-element elementor-element-fdd64de\" data-id=\"fdd64de\" data-element_type=\"column\">\n\t\t\t<div class=\"elementor-widget-wrap elementor-element-populated\">\n\t\t\t\t\t\t<div class=\"elementor-element elementor-element-082f97a elementor-widget elementor-widget-text-editor\" data-id=\"082f97a\" data-element_type=\"widget\" data-widget_type=\"text-editor.default\">\n\t\t\t\t<div class=\"elementor-widget-container\">\n\t\t\t\t\t\t\t\t\t<h2>Sokoa<\/h2>\t\t\t\t\t\t\t\t<\/div>\n\t\t\t\t<\/div>\n\t\t\t\t<div class=\"elementor-element elementor-element-1fdbd69 elementor-widget elementor-widget-qi_addons_for_elementor_button\" data-id=\"1fdbd69\" data-element_type=\"widget\" data-widget_type=\"qi_addons_for_elementor_button.default\">\n\t\t\t\t<div class=\"elementor-widget-container\">\n\t\t\t\t\t<a class=\"qodef-shortcode qodef-m qodef-qi-button qodef-html--link qodef-layout--outlined qodef-type--standard qodef-icon--right qodef-hover--icon-move-horizontal-short\" href=\"https:\/\/adn-conseil.fr\/formation\/wordpress\/wp-content\/uploads\/2025\/09\/catalogue-sokoa-nouveautes-2025.pdf\" target=\"_blank\" rel=\"nofollow\">\n\t<span class=\"qodef-m-text\">T\u00e9l\u00e9charger les nouveaut\u00e9s 2025<\/span>\n\t<\/a>\n\t\t\t\t<\/div>\n\t\t\t\t<\/div>\n\t\t\t\t\t<\/div>\n\t\t<\/div>\n\t\t\t\t<div class=\"elementor-column elementor-col-50 elementor-top-column elementor-element elementor-element-74c15c3\" data-id=\"74c15c3\" data-element_type=\"column\">\n\t\t\t<div class=\"elementor-widget-wrap\">\n\t\t\t\t\t\t\t<\/div>\n\t\t<\/div>\n\t\t\t\t\t<\/div>\n\t\t<\/section>\n\t\t\t\t<section data-dynamic-background-color=\"#EAE4E4\" class=\"elementor-section elementor-top-section elementor-element elementor-element-cdfd1ad elementor-section-full_width elementor-section-height-default elementor-section-height-default qodef-elementor-content-no qodef-elementor-column-no\" data-id=\"cdfd1ad\" data-element_type=\"section\" data-settings=\"{&quot;background_background&quot;:&quot;classic&quot;}\">\n\t\t\t\t\t\t<div class=\"elementor-container elementor-column-gap-default\">\n\t\t\t\t\t<div class=\"elementor-column elementor-col-50 elementor-top-column elementor-element elementor-element-a766dc6\" data-id=\"a766dc6\" data-element_type=\"column\">\n\t\t\t<div class=\"elementor-widget-wrap elementor-element-populated\">\n\t\t\t\t\t\t<div class=\"elementor-element elementor-element-4e37524 elementor-widget elementor-widget-text-editor\" data-id=\"4e37524\" data-element_type=\"widget\" data-widget_type=\"text-editor.default\">\n\t\t\t\t<div class=\"elementor-widget-container\">\n\t\t\t\t\t\t\t\t\t<h2>Sokoa<\/h2>\t\t\t\t\t\t\t\t<\/div>\n\t\t\t\t<\/div>\n\t\t\t\t<div class=\"elementor-element elementor-element-915ef82 elementor-widget elementor-widget-qi_addons_for_elementor_button\" data-id=\"915ef82\" data-element_type=\"widget\" data-widget_type=\"qi_addons_for_elementor_button.default\">\n\t\t\t\t<div class=\"elementor-widget-container\">\n\t\t\t\t\t<a class=\"qodef-shortcode qodef-m qodef-qi-button qodef-html--link qodef-layout--outlined qodef-type--standard qodef-icon--right qodef-hover--icon-move-horizontal-short\" href=\"https:\/\/adn-conseil.fr\/formation\/wordpress\/wp-content\/uploads\/2025\/09\/sokoa-collection-2022-2023.pdf\" target=\"_blank\" rel=\"nofollow\">\n\t<span class=\"qodef-m-text\">T\u00e9l\u00e9charger la collection 2022-2023<\/span>\n\t<\/a>\n\t\t\t\t<\/div>\n\t\t\t\t<\/div>\n\t\t\t\t\t<\/div>\n\t\t<\/div>\n\t\t\t\t<div class=\"elementor-column elementor-col-50 elementor-top-column elementor-element elementor-element-15f10ef\" data-id=\"15f10ef\" data-element_type=\"column\">\n\t\t\t<div class=\"elementor-widget-wrap\">\n\t\t\t\t\t\t\t<\/div>\n\t\t<\/div>\n\t\t\t\t\t<\/div>\n\t\t<\/section>\n\t\t\t\t<section data-dynamic-background-color=\"#EAE4E4\" class=\"elementor-section elementor-top-section elementor-element elementor-element-911d772 elementor-section-full_width elementor-section-height-default elementor-section-height-default qodef-elementor-content-no qodef-elementor-column-no\" data-id=\"911d772\" data-element_type=\"section\" data-settings=\"{&quot;background_background&quot;:&quot;classic&quot;}\">\n\t\t\t\t\t\t<div class=\"elementor-container elementor-column-gap-default\">\n\t\t\t\t\t<div class=\"elementor-column elementor-col-50 elementor-top-column elementor-element elementor-element-9b17bb2\" data-id=\"9b17bb2\" data-element_type=\"column\">\n\t\t\t<div class=\"elementor-widget-wrap elementor-element-populated\">\n\t\t\t\t\t\t<div class=\"elementor-element elementor-element-8100834 elementor-widget elementor-widget-text-editor\" data-id=\"8100834\" data-element_type=\"widget\" data-widget_type=\"text-editor.default\">\n\t\t\t\t<div class=\"elementor-widget-container\">\n\t\t\t\t\t\t\t\t\t<h2>Columbia<\/h2>\t\t\t\t\t\t\t\t<\/div>\n\t\t\t\t<\/div>\n\t\t\t\t<div class=\"elementor-element elementor-element-52ecdb0 elementor-widget elementor-widget-qi_addons_for_elementor_button\" data-id=\"52ecdb0\" data-element_type=\"widget\" data-widget_type=\"qi_addons_for_elementor_button.default\">\n\t\t\t\t<div class=\"elementor-widget-container\">\n\t\t\t\t\t<a class=\"qodef-shortcode qodef-m qodef-qi-button qodef-html--link qodef-layout--outlined qodef-type--standard qodef-icon--right qodef-hover--icon-move-horizontal-short\" href=\"https:\/\/adn-conseil.fr\/formation\/wordpress\/wp-content\/uploads\/2025\/09\/catalogue-columbia-2025.pdf\" target=\"_blank\" rel=\"nofollow\">\n\t<span class=\"qodef-m-text\">T\u00e9l\u00e9charger le catalogue 2025<\/span>\n\t<\/a>\n\t\t\t\t<\/div>\n\t\t\t\t<\/div>\n\t\t\t\t\t<\/div>\n\t\t<\/div>\n\t\t\t\t<div class=\"elementor-column elementor-col-50 elementor-top-column elementor-element elementor-element-6746e62\" data-id=\"6746e62\" data-element_type=\"column\">\n\t\t\t<div class=\"elementor-widget-wrap\">\n\t\t\t\t\t\t\t<\/div>\n\t\t<\/div>\n\t\t\t\t\t<\/div>\n\t\t<\/section>\n\t\t\t\t<section data-dynamic-background-color=\"#EAE4E4\" class=\"elementor-section elementor-top-section elementor-element elementor-element-2e18821 elementor-section-full_width elementor-section-height-default elementor-section-height-default qodef-elementor-content-no qodef-elementor-column-no\" data-id=\"2e18821\" data-element_type=\"section\" data-settings=\"{&quot;background_background&quot;:&quot;classic&quot;}\">\n\t\t\t\t\t\t<div class=\"elementor-container elementor-column-gap-default\">\n\t\t\t\t\t<div class=\"elementor-column elementor-col-50 elementor-top-column elementor-element elementor-element-353243c\" data-id=\"353243c\" data-element_type=\"column\">\n\t\t\t<div class=\"elementor-widget-wrap elementor-element-populated\">\n\t\t\t\t\t\t<div class=\"elementor-element elementor-element-1fbe96b elementor-widget elementor-widget-text-editor\" data-id=\"1fbe96b\" data-element_type=\"widget\" data-widget_type=\"text-editor.default\">\n\t\t\t\t<div class=\"elementor-widget-container\">\n\t\t\t\t\t\t\t\t\t<h2>Inclass<\/h2>\t\t\t\t\t\t\t\t<\/div>\n\t\t\t\t<\/div>\n\t\t\t\t<div class=\"elementor-element elementor-element-c34a9be elementor-widget elementor-widget-qi_addons_for_elementor_button\" data-id=\"c34a9be\" data-element_type=\"widget\" data-widget_type=\"qi_addons_for_elementor_button.default\">\n\t\t\t\t<div class=\"elementor-widget-container\">\n\t\t\t\t\t<a class=\"qodef-shortcode qodef-m qodef-qi-button qodef-html--link qodef-layout--outlined qodef-type--standard qodef-icon--right qodef-hover--icon-move-horizontal-short\" href=\"https:\/\/adn-conseil.fr\/formation\/wordpress\/wp-content\/uploads\/2025\/09\/inclass-catalogue-2025.pdf\" target=\"_blank\" rel=\"nofollow\">\n\t<span class=\"qodef-m-text\">T\u00e9l\u00e9charger les produits 2025<\/span>\n\t<\/a>\n\t\t\t\t<\/div>\n\t\t\t\t<\/div>\n\t\t\t\t\t<\/div>\n\t\t<\/div>\n\t\t\t\t<div class=\"elementor-column elementor-col-50 elementor-top-column elementor-element elementor-element-4421a04\" data-id=\"4421a04\" data-element_type=\"column\">\n\t\t\t<div class=\"elementor-widget-wrap\">\n\t\t\t\t\t\t\t<\/div>\n\t\t<\/div>\n\t\t\t\t\t<\/div>\n\t\t<\/section>\n\t\t\t\t<section data-dynamic-background-color=\"#EAE4E4\" class=\"elementor-section elementor-top-section elementor-element elementor-element-06036c8 elementor-section-full_width elementor-section-height-default elementor-section-height-default qodef-elementor-content-no qodef-elementor-column-no\" data-id=\"06036c8\" data-element_type=\"section\" data-settings=\"{&quot;background_background&quot;:&quot;classic&quot;}\">\n\t\t\t\t\t\t<div class=\"elementor-container elementor-column-gap-default\">\n\t\t\t\t\t<div class=\"elementor-column elementor-col-50 elementor-top-column elementor-element elementor-element-7f5e76a\" data-id=\"7f5e76a\" data-element_type=\"column\">\n\t\t\t<div class=\"elementor-widget-wrap elementor-element-populated\">\n\t\t\t\t\t\t<div class=\"elementor-element elementor-element-35322cc elementor-widget elementor-widget-text-editor\" data-id=\"35322cc\" data-element_type=\"widget\" data-widget_type=\"text-editor.default\">\n\t\t\t\t<div class=\"elementor-widget-container\">\n\t\t\t\t\t\t\t\t\t<h2>Buronomic<\/h2>\t\t\t\t\t\t\t\t<\/div>\n\t\t\t\t<\/div>\n\t\t\t\t<div class=\"elementor-element elementor-element-0816b51 elementor-widget elementor-widget-qi_addons_for_elementor_button\" data-id=\"0816b51\" data-element_type=\"widget\" data-widget_type=\"qi_addons_for_elementor_button.default\">\n\t\t\t\t<div class=\"elementor-widget-container\">\n\t\t\t\t\t<a class=\"qodef-shortcode qodef-m qodef-qi-button qodef-html--link qodef-layout--outlined qodef-type--standard qodef-icon--right qodef-hover--icon-move-horizontal-short\" href=\"https:\/\/adn-conseil.fr\/formation\/wordpress\/wp-content\/uploads\/2025\/09\/catalogue-buronomic-2025.pdf\" target=\"_blank\" rel=\"nofollow\">\n\t<span class=\"qodef-m-text\">T\u00e9l\u00e9charger le collection 2025<\/span>\n\t<\/a>\n\t\t\t\t<\/div>\n\t\t\t\t<\/div>\n\t\t\t\t\t<\/div>\n\t\t<\/div>\n\t\t\t\t<div class=\"elementor-column elementor-col-50 elementor-top-column elementor-element elementor-element-7121038\" data-id=\"7121038\" data-element_type=\"column\">\n\t\t\t<div class=\"elementor-widget-wrap\">\n\t\t\t\t\t\t\t<\/div>\n\t\t<\/div>\n\t\t\t\t\t<\/div>\n\t\t<\/section>\n\t\t\t\t<section data-dynamic-background-color=\"#EAE4E4\" class=\"elementor-section elementor-top-section elementor-element elementor-element-994d824 elementor-section-full_width elementor-section-height-default elementor-section-height-default qodef-elementor-content-no qodef-elementor-column-no\" data-id=\"994d824\" data-element_type=\"section\" data-settings=\"{&quot;background_background&quot;:&quot;classic&quot;}\">\n\t\t\t\t\t\t<div class=\"elementor-container elementor-column-gap-default\">\n\t\t\t\t\t<div class=\"elementor-column elementor-col-50 elementor-top-column elementor-element elementor-element-b464095\" data-id=\"b464095\" data-element_type=\"column\">\n\t\t\t<div class=\"elementor-widget-wrap elementor-element-populated\">\n\t\t\t\t\t\t<div class=\"elementor-element elementor-element-7f42fa7 elementor-widget elementor-widget-text-editor\" data-id=\"7f42fa7\" data-element_type=\"widget\" data-widget_type=\"text-editor.default\">\n\t\t\t\t<div class=\"elementor-widget-container\">\n\t\t\t\t\t\t\t\t\t<h2>Genexco<\/h2>\t\t\t\t\t\t\t\t<\/div>\n\t\t\t\t<\/div>\n\t\t\t\t<div class=\"elementor-element elementor-element-1cff874 elementor-widget elementor-widget-qi_addons_for_elementor_button\" data-id=\"1cff874\" data-element_type=\"widget\" data-widget_type=\"qi_addons_for_elementor_button.default\">\n\t\t\t\t<div class=\"elementor-widget-container\">\n\t\t\t\t\t<a class=\"qodef-shortcode qodef-m qodef-qi-button qodef-html--link qodef-layout--outlined qodef-type--standard qodef-icon--right qodef-hover--icon-move-horizontal-short\" href=\"https:\/\/adn-conseil.fr\/formation\/wordpress\/wp-content\/uploads\/2025\/09\/genexco-catalogue-2025.pdf\" target=\"_blank\" rel=\"nofollow\">\n\t<span class=\"qodef-m-text\">T\u00e9l\u00e9charger le catalogue 2025<\/span>\n\t<\/a>\n\t\t\t\t<\/div>\n\t\t\t\t<\/div>\n\t\t\t\t\t<\/div>\n\t\t<\/div>\n\t\t\t\t<div class=\"elementor-column elementor-col-50 elementor-top-column elementor-element elementor-element-5fdc39d\" data-id=\"5fdc39d\" data-element_type=\"column\">\n\t\t\t<div class=\"elementor-widget-wrap\">\n\t\t\t\t\t\t\t<\/div>\n\t\t<\/div>\n\t\t\t\t\t<\/div>\n\t\t<\/section>\n\t\t\t\t<\/div>\n\t\t","protected":false},"excerpt":{"rendered":"<p>Nos catalogues Sokoa T\u00e9l\u00e9charger les nouveaut\u00e9s 2025 Sokoa T\u00e9l\u00e9charger la collection 2022-2023 Columbia T\u00e9l\u00e9charger le catalogue 2025 Inclass T\u00e9l\u00e9charger les produits 2025 Buronomic T\u00e9l\u00e9charger le collection 2025 Genexco T\u00e9l\u00e9charger le catalogue 2025<\/p>\n","protected":false},"author":1,"featured_media":0,"parent":0,"menu_order":0,"comment_status":"closed","ping_status":"closed","template":"page-full-width.php","meta":{"footnotes":""},"class_list":["post-10044","page","type-page","status-publish","hentry"],"yoast_head":"<!-- This site is optimized with the Yoast SEO plugin v26.0 - https:\/\/yoast.com\/wordpress\/plugins\/seo\/ -->\n<title>Catalogues - Burokey<\/title>\n<meta name=\"robots\" content=\"index, follow, max-snippet:-1, max-image-preview:large, max-video-preview:-1\" \/>\n<link rel=\"canonical\" href=\"https:\/\/adn-conseil.fr\/formation\/wordpress\/catalogues\/\" \/>\n<meta property=\"og:locale\" content=\"fr_FR\" \/>\n<meta property=\"og:type\" content=\"article\" \/>\n<meta property=\"og:title\" content=\"Catalogues - Burokey\" \/>\n<meta property=\"og:description\" content=\"Nos catalogues Sokoa T\u00e9l\u00e9charger les nouveaut\u00e9s 2025 Sokoa T\u00e9l\u00e9charger la collection 2022-2023 Columbia T\u00e9l\u00e9charger le catalogue 2025 Inclass T\u00e9l\u00e9charger les produits 2025 Buronomic T\u00e9l\u00e9charger le collection 2025 Genexco T\u00e9l\u00e9charger le catalogue 2025\" \/>\n<meta property=\"og:url\" content=\"https:\/\/adn-conseil.fr\/formation\/wordpress\/catalogues\/\" \/>\n<meta property=\"og:site_name\" content=\"Burokey\" \/>\n<meta property=\"article:modified_time\" content=\"2025-09-17T16:30:35+00:00\" \/>\n<meta property=\"og:image\" content=\"https:\/\/adn-conseil.fr\/formation\/wordpress\/wp-content\/uploads\/2025\/09\/catalogue-sokoa-nouveautes-2025.jpg\" \/>\n<meta name=\"twitter:card\" content=\"summary_large_image\" \/>\n<meta name=\"twitter:label1\" content=\"Dur\u00e9e de lecture estim\u00e9e\" \/>\n\t<meta name=\"twitter:data1\" content=\"2 minutes\" \/>\n<script type=\"application\/ld+json\" class=\"yoast-schema-graph\">{\"@context\":\"https:\/\/schema.org\",\"@graph\":[{\"@type\":\"WebPage\",\"@id\":\"https:\/\/adn-conseil.fr\/formation\/wordpress\/catalogues\/\",\"url\":\"https:\/\/adn-conseil.fr\/formation\/wordpress\/catalogues\/\",\"name\":\"Catalogues - Burokey\",\"isPartOf\":{\"@id\":\"https:\/\/adn-conseil.fr\/formation\/wordpress\/#website\"},\"primaryImageOfPage\":{\"@id\":\"https:\/\/adn-conseil.fr\/formation\/wordpress\/catalogues\/#primaryimage\"},\"image\":{\"@id\":\"https:\/\/adn-conseil.fr\/formation\/wordpress\/catalogues\/#primaryimage\"},\"thumbnailUrl\":\"https:\/\/adn-conseil.fr\/formation\/wordpress\/wp-content\/uploads\/2025\/09\/catalogue-sokoa-nouveautes-2025.jpg\",\"datePublished\":\"2025-09-11T17:16:53+00:00\",\"dateModified\":\"2025-09-17T16:30:35+00:00\",\"breadcrumb\":{\"@id\":\"https:\/\/adn-conseil.fr\/formation\/wordpress\/catalogues\/#breadcrumb\"},\"inLanguage\":\"fr-FR\",\"potentialAction\":[{\"@type\":\"ReadAction\",\"target\":[\"https:\/\/adn-conseil.fr\/formation\/wordpress\/catalogues\/\"]}]},{\"@type\":\"ImageObject\",\"inLanguage\":\"fr-FR\",\"@id\":\"https:\/\/adn-conseil.fr\/formation\/wordpress\/catalogues\/#primaryimage\",\"url\":\"https:\/\/adn-conseil.fr\/formation\/wordpress\/wp-content\/uploads\/2025\/09\/catalogue-sokoa-nouveautes-2025.jpg\",\"contentUrl\":\"https:\/\/adn-conseil.fr\/formation\/wordpress\/wp-content\/uploads\/2025\/09\/catalogue-sokoa-nouveautes-2025.jpg\",\"width\":1654,\"height\":2339},{\"@type\":\"BreadcrumbList\",\"@id\":\"https:\/\/adn-conseil.fr\/formation\/wordpress\/catalogues\/#breadcrumb\",\"itemListElement\":[{\"@type\":\"ListItem\",\"position\":1,\"name\":\"Accueil\",\"item\":\"https:\/\/adn-conseil.fr\/formation\/wordpress\/\"},{\"@type\":\"ListItem\",\"position\":2,\"name\":\"Catalogues\"}]},{\"@type\":\"WebSite\",\"@id\":\"https:\/\/adn-conseil.fr\/formation\/wordpress\/#website\",\"url\":\"https:\/\/adn-conseil.fr\/formation\/wordpress\/\",\"name\":\"ADN Conseil & Formation\",\"description\":\"Bureau d&#039;\u00e9tude - MOE - Am\u00e9nagement\",\"potentialAction\":[{\"@type\":\"SearchAction\",\"target\":{\"@type\":\"EntryPoint\",\"urlTemplate\":\"https:\/\/adn-conseil.fr\/formation\/wordpress\/?s={search_term_string}\"},\"query-input\":{\"@type\":\"PropertyValueSpecification\",\"valueRequired\":true,\"valueName\":\"search_term_string\"}}],\"inLanguage\":\"fr-FR\"}]}<\/script>\n<!-- \/ Yoast SEO plugin. -->","yoast_head_json":{"title":"Catalogues - Burokey","robots":{"index":"index","follow":"follow","max-snippet":"max-snippet:-1","max-image-preview":"max-image-preview:large","max-video-preview":"max-video-preview:-1"},"canonical":"https:\/\/adn-conseil.fr\/formation\/wordpress\/catalogues\/","og_locale":"fr_FR","og_type":"article","og_title":"Catalogues - Burokey","og_description":"Nos catalogues Sokoa T\u00e9l\u00e9charger les nouveaut\u00e9s 2025 Sokoa T\u00e9l\u00e9charger la collection 2022-2023 Columbia T\u00e9l\u00e9charger le catalogue 2025 Inclass T\u00e9l\u00e9charger les produits 2025 Buronomic T\u00e9l\u00e9charger le collection 2025 Genexco T\u00e9l\u00e9charger le catalogue 2025","og_url":"https:\/\/adn-conseil.fr\/formation\/wordpress\/catalogues\/","og_site_name":"Burokey","article_modified_time":"2025-09-17T16:30:35+00:00","og_image":[{"url":"https:\/\/adn-conseil.fr\/formation\/wordpress\/wp-content\/uploads\/2025\/09\/catalogue-sokoa-nouveautes-2025.jpg","type":"","width":"","height":""}],"twitter_card":"summary_large_image","twitter_misc":{"Dur\u00e9e de lecture estim\u00e9e":"2 minutes"},"schema":{"@context":"https:\/\/schema.org","@graph":[{"@type":"WebPage","@id":"https:\/\/adn-conseil.fr\/formation\/wordpress\/catalogues\/","url":"https:\/\/adn-conseil.fr\/formation\/wordpress\/catalogues\/","name":"Catalogues - Burokey","isPartOf":{"@id":"https:\/\/adn-conseil.fr\/formation\/wordpress\/#website"},"primaryImageOfPage":{"@id":"https:\/\/adn-conseil.fr\/formation\/wordpress\/catalogues\/#primaryimage"},"image":{"@id":"https:\/\/adn-conseil.fr\/formation\/wordpress\/catalogues\/#primaryimage"},"thumbnailUrl":"https:\/\/adn-conseil.fr\/formation\/wordpress\/wp-content\/uploads\/2025\/09\/catalogue-sokoa-nouveautes-2025.jpg","datePublished":"2025-09-11T17:16:53+00:00","dateModified":"2025-09-17T16:30:35+00:00","breadcrumb":{"@id":"https:\/\/adn-conseil.fr\/formation\/wordpress\/catalogues\/#breadcrumb"},"inLanguage":"fr-FR","potentialAction":[{"@type":"ReadAction","target":["https:\/\/adn-conseil.fr\/formation\/wordpress\/catalogues\/"]}]},{"@type":"ImageObject","inLanguage":"fr-FR","@id":"https:\/\/adn-conseil.fr\/formation\/wordpress\/catalogues\/#primaryimage","url":"https:\/\/adn-conseil.fr\/formation\/wordpress\/wp-content\/uploads\/2025\/09\/catalogue-sokoa-nouveautes-2025.jpg","contentUrl":"https:\/\/adn-conseil.fr\/formation\/wordpress\/wp-content\/uploads\/2025\/09\/catalogue-sokoa-nouveautes-2025.jpg","width":1654,"height":2339},{"@type":"BreadcrumbList","@id":"https:\/\/adn-conseil.fr\/formation\/wordpress\/catalogues\/#breadcrumb","itemListElement":[{"@type":"ListItem","position":1,"name":"Accueil","item":"https:\/\/adn-conseil.fr\/formation\/wordpress\/"},{"@type":"ListItem","position":2,"name":"Catalogues"}]},{"@type":"WebSite","@id":"https:\/\/adn-conseil.fr\/formation\/wordpress\/#website","url":"https:\/\/adn-conseil.fr\/formation\/wordpress\/","name":"ADN Conseil & Formation","description":"Bureau d&#039;\u00e9tude - MOE - Am\u00e9nagement","potentialAction":[{"@type":"SearchAction","target":{"@type":"EntryPoint","urlTemplate":"https:\/\/adn-conseil.fr\/formation\/wordpress\/?s={search_term_string}"},"query-input":{"@type":"PropertyValueSpecification","valueRequired":true,"valueName":"search_term_string"}}],"inLanguage":"fr-FR"}]}},"_links":{"self":[{"href":"https:\/\/adn-conseil.fr\/formation\/wordpress\/wp-json\/wp\/v2\/pages\/10044","targetHints":{"allow":["GET"]}}],"collection":[{"href":"https:\/\/adn-conseil.fr\/formation\/wordpress\/wp-json\/wp\/v2\/pages"}],"about":[{"href":"https:\/\/adn-conseil.fr\/formation\/wordpress\/wp-json\/wp\/v2\/types\/page"}],"author":[{"embeddable":true,"href":"https:\/\/adn-conseil.fr\/formation\/wordpress\/wp-json\/wp\/v2\/users\/1"}],"replies":[{"embeddable":true,"href":"https:\/\/adn-conseil.fr\/formation\/wordpress\/wp-json\/wp\/v2\/comments?post=10044"}],"version-history":[{"count":64,"href":"https:\/\/adn-conseil.fr\/formation\/wordpress\/wp-json\/wp\/v2\/pages\/10044\/revisions"}],"predecessor-version":[{"id":10519,"href":"https:\/\/adn-conseil.fr\/formation\/wordpress\/wp-json\/wp\/v2\/pages\/10044\/revisions\/10519"}],"wp:attachment":[{"href":"https:\/\/adn-conseil.fr\/formation\/wordpress\/wp-json\/wp\/v2\/media?parent=10044"}],"curies":[{"name":"wp","href":"https:\/\/api.w.org\/{rel}","templated":true}]}}