{"id":2956,"date":"2022-12-15T12:57:33","date_gmt":"2022-12-15T12:57:33","guid":{"rendered":"https:\/\/hiroshi.qodeinteractive.com\/?page_id=2956"},"modified":"2025-09-17T19:27:05","modified_gmt":"2025-09-17T17:27:05","slug":"services","status":"publish","type":"page","link":"https:\/\/adn-conseil.fr\/formation\/wordpress\/services\/","title":{"rendered":"Services"},"content":{"rendered":"\t\t<div data-elementor-type=\"wp-page\" data-elementor-id=\"2956\" class=\"elementor elementor-2956\">\n\t\t\t\t\t\t<section data-dynamic-background-color=\"#EAE4E4\" class=\"elementor-section elementor-top-section elementor-element elementor-element-f177ae1 elementor-section-full_width elementor-section-height-default elementor-section-height-default qodef-elementor-content-no qodef-elementor-column-no\" data-id=\"f177ae1\" data-element_type=\"section\" data-settings=\"{&quot;background_background&quot;:&quot;classic&quot;}\">\n\t\t\t\t\t\t<div class=\"elementor-container elementor-column-gap-default\">\n\t\t\t\t\t<div class=\"elementor-column elementor-col-100 elementor-top-column elementor-element elementor-element-a7d7ee9\" data-id=\"a7d7ee9\" data-element_type=\"column\">\n\t\t\t<div class=\"elementor-widget-wrap elementor-element-populated\">\n\t\t\t\t\t\t<div class=\"elementor-element elementor-element-014ecfe elementor-widget elementor-widget-text-editor\" data-id=\"014ecfe\" data-element_type=\"widget\" data-widget_type=\"text-editor.default\">\n\t\t\t\t<div class=\"elementor-widget-container\">\n\t\t\t\t\t\t\t\t\t<h1>Services<\/h1>\t\t\t\t\t\t\t\t<\/div>\n\t\t\t\t<\/div>\n\t\t\t\t\t<\/div>\n\t\t<\/div>\n\t\t\t\t\t<\/div>\n\t\t<\/section>\n\t\t\t\t<section data-dynamic-background-color=\"#EAE4E4\" class=\"elementor-section elementor-top-section elementor-element elementor-element-f81e6db elementor-section-full_width elementor-section-height-default elementor-section-height-default qodef-elementor-content-no qodef-elementor-column-no\" data-id=\"f81e6db\" data-element_type=\"section\" id=\"bureau-etude\" data-settings=\"{&quot;background_background&quot;:&quot;classic&quot;}\">\n\t\t\t\t\t\t<div class=\"elementor-container elementor-column-gap-default\">\n\t\t\t\t\t<div class=\"elementor-column elementor-col-50 elementor-top-column elementor-element elementor-element-fdd64de\" data-id=\"fdd64de\" data-element_type=\"column\">\n\t\t\t<div class=\"elementor-widget-wrap elementor-element-populated\">\n\t\t\t\t\t\t<div class=\"elementor-element elementor-element-082f97a elementor-widget elementor-widget-text-editor\" data-id=\"082f97a\" data-element_type=\"widget\" data-widget_type=\"text-editor.default\">\n\t\t\t\t<div class=\"elementor-widget-container\">\n\t\t\t\t\t\t\t\t\t<h4>Bureau d&rsquo;\u00e9tudes<\/h4>\t\t\t\t\t\t\t\t<\/div>\n\t\t\t\t<\/div>\n\t\t\t\t<div class=\"elementor-element elementor-element-a03a259 elementor-widget elementor-widget-text-editor\" data-id=\"a03a259\" data-element_type=\"widget\" data-widget_type=\"text-editor.default\">\n\t\t\t\t<div class=\"elementor-widget-container\">\n\t\t\t\t\t\t\t\t\t<p>Notre bureau d&rsquo;\u00e9tudes est l&rsquo;\u00e9tape strat\u00e9gique qui transforme votre vision d&rsquo;am\u00e9nagement en un projet technique concret, viable et s\u00e9curis\u00e9. Nos experts r\u00e9alisent les <strong>\u00e9tudes de faisabilit\u00e9<\/strong>, les <strong>diagnostics<\/strong> de l&rsquo;existant et con\u00e7oivent le space-planning, tout en assurant la conformit\u00e9 r\u00e9glementaire de votre projet.<br \/>Nous pilotons ensuite la conception d\u00e9taill\u00e9e de tous les lots techniques (climatisation, \u00e9lectricit\u00e9, etc.) et produisons les documents essentiels au chantier : plans d\u00e9taill\u00e9s (A.P.S. \/A.P.D.) et <strong>le dossier des ouvrages ex\u00e9cut\u00e9s<\/strong> (D.O.E.). Cette phase de pr\u00e9paration rigoureuse vous garantit une parfaite ma\u00eetrise budg\u00e9taire et vous livre un dossier d&rsquo;ex\u00e9cution complet.<\/p>\t\t\t\t\t\t\t\t<\/div>\n\t\t\t\t<\/div>\n\t\t\t\t\t<\/div>\n\t\t<\/div>\n\t\t\t\t<div class=\"elementor-column elementor-col-50 elementor-top-column elementor-element elementor-element-74c15c3\" data-id=\"74c15c3\" data-element_type=\"column\">\n\t\t\t<div class=\"elementor-widget-wrap\">\n\t\t\t\t\t\t\t<\/div>\n\t\t<\/div>\n\t\t\t\t\t<\/div>\n\t\t<\/section>\n\t\t\t\t<section data-dynamic-background-color=\"#B1B8B1\" class=\"elementor-section elementor-top-section elementor-element elementor-element-2cf8c75 elementor-section-full_width elementor-section-height-default elementor-section-height-default qodef-elementor-content-no qodef-elementor-column-no\" data-id=\"2cf8c75\" data-element_type=\"section\" id=\"moe\" data-settings=\"{&quot;background_background&quot;:&quot;classic&quot;}\">\n\t\t\t\t\t\t<div class=\"elementor-container elementor-column-gap-default\">\n\t\t\t\t\t<div class=\"elementor-column elementor-col-50 elementor-top-column elementor-element elementor-element-44bda58\" data-id=\"44bda58\" data-element_type=\"column\">\n\t\t\t<div class=\"elementor-widget-wrap\">\n\t\t\t\t\t\t\t<\/div>\n\t\t<\/div>\n\t\t\t\t<div class=\"elementor-column elementor-col-50 elementor-top-column elementor-element elementor-element-94759ba\" data-id=\"94759ba\" data-element_type=\"column\">\n\t\t\t<div class=\"elementor-widget-wrap elementor-element-populated\">\n\t\t\t\t\t\t<div class=\"elementor-element elementor-element-a8f3070 elementor-widget elementor-widget-text-editor\" data-id=\"a8f3070\" data-element_type=\"widget\" data-widget_type=\"text-editor.default\">\n\t\t\t\t<div class=\"elementor-widget-container\">\n\t\t\t\t\t\t\t\t\t<h4>Ma\u00eetrise d\u2019\u0153uvre<\/h4>\t\t\t\t\t\t\t\t<\/div>\n\t\t\t\t<\/div>\n\t\t\t\t<div class=\"elementor-element elementor-element-43bc4fe elementor-widget elementor-widget-text-editor\" data-id=\"43bc4fe\" data-element_type=\"widget\" data-widget_type=\"text-editor.default\">\n\t\t\t\t<div class=\"elementor-widget-container\">\n\t\t\t\t\t\t\t\t\t<p>Une fois votre projet de r\u00e9novation valid\u00e9 par notre bureau d\u2019\u00e9tudes, notre mission de ma\u00eetrise d\u2019\u0153uvre prend le relais. Agissant en tant que chef d&rsquo;orchestre de votre chantier, nous devenons votre unique interlocuteur et le garant de la bonne ex\u00e9cution des travaux.<br \/>Notre responsabilit\u00e9 est triple : assurer la parfaite <strong>conformit\u00e9 de la r\u00e9alisation avec le cahier des charges technique<\/strong>, respecter le budget d\u00e9fini et garantir les d\u00e9lais.<br \/>Cette phase d\u00e9bute par la s\u00e9lection rigoureuse des entreprises et artisans, suivie de l&rsquo;\u00e9tablissement d&rsquo;un planning d\u2019intervention d\u00e9taill\u00e9 qui coordonnera l&rsquo;ensemble des corps d&rsquo;\u00e9tat.<br \/>Sur le terrain, le pilotage se traduit par un <strong>suivi de chantier<\/strong> quotidien et des r\u00e9unions techniques r\u00e9guli\u00e8res visant \u00e0 contr\u00f4ler la qualit\u00e9 des ouvrages et le bon avancement du planning. Nous g\u00e9rons l\u2019ensemble des aspects op\u00e9rationnels, administratifs et financiers, vous assurant une visibilit\u00e9 compl\u00e8te sur l\u2019\u00e9volution de votre projet \u00e0 travers des comptes-rendus clairs.<\/p>\t\t\t\t\t\t\t\t<\/div>\n\t\t\t\t<\/div>\n\t\t\t\t<div class=\"elementor-element elementor-element-b8ed2ce qodef--underline elementor-widget elementor-widget-text-editor\" data-id=\"b8ed2ce\" data-element_type=\"widget\" data-widget_type=\"text-editor.default\">\n\t\t\t\t<div class=\"elementor-widget-container\">\n\t\t\t\t\t\t\t\t\t<h4><a href=\"https:\/\/adn-conseil.fr\/formation\/wordpress\/contact\/\">Prenez rendez-vous avec nos architectes<\/a><\/h4>\t\t\t\t\t\t\t\t<\/div>\n\t\t\t\t<\/div>\n\t\t\t\t<div class=\"elementor-element elementor-element-cf4e72f qodef--underline elementor-widget elementor-widget-text-editor\" data-id=\"cf4e72f\" data-element_type=\"widget\" data-widget_type=\"text-editor.default\">\n\t\t\t\t<div class=\"elementor-widget-container\">\n\t\t\t\t\t\t\t\t\t<h4><a href=\"https:\/\/adn-conseil.fr\/formation\/wordpress\/catalogues\/\">T\u00e9l\u00e9charger une s\u00e9lection de catalogues<\/a><\/h4>\t\t\t\t\t\t\t\t<\/div>\n\t\t\t\t<\/div>\n\t\t\t\t\t<\/div>\n\t\t<\/div>\n\t\t\t\t\t<\/div>\n\t\t<\/section>\n\t\t\t\t<section data-dynamic-background-color=\"#EAE4E4\" class=\"elementor-section elementor-top-section elementor-element elementor-element-dc25346 elementor-section-full_width elementor-section-height-default elementor-section-height-default qodef-elementor-content-no qodef-elementor-column-no\" data-id=\"dc25346\" data-element_type=\"section\" id=\"amenagement-bureau\" data-settings=\"{&quot;background_background&quot;:&quot;classic&quot;}\">\n\t\t\t\t\t\t<div class=\"elementor-container elementor-column-gap-default\">\n\t\t\t\t\t<div class=\"elementor-column elementor-col-50 elementor-top-column elementor-element elementor-element-da56d40\" data-id=\"da56d40\" data-element_type=\"column\">\n\t\t\t<div class=\"elementor-widget-wrap elementor-element-populated\">\n\t\t\t\t\t\t<div class=\"elementor-element elementor-element-15290ea elementor-widget elementor-widget-text-editor\" data-id=\"15290ea\" data-element_type=\"widget\" data-widget_type=\"text-editor.default\">\n\t\t\t\t<div class=\"elementor-widget-container\">\n\t\t\t\t\t\t\t\t\t<h4>Am\u00e9nagement<\/h4>\t\t\t\t\t\t\t\t<\/div>\n\t\t\t\t<\/div>\n\t\t\t\t<div class=\"elementor-element elementor-element-37c6be0 elementor-widget elementor-widget-text-editor\" data-id=\"37c6be0\" data-element_type=\"widget\" data-widget_type=\"text-editor.default\">\n\t\t\t\t<div class=\"elementor-widget-container\">\n\t\t\t\t\t\t\t\t\t<p>L&rsquo;<strong>am\u00e9nagement mobilier<\/strong> est l&rsquo;\u00e9tape finale et d\u00e9cisive qui donne vie et caract\u00e8re \u00e0 vos nouveaux espaces. Au-del\u00e0 de la simple fourniture de meubles, notre mission consiste \u00e0 mat\u00e9rialiser la strat\u00e9gie de space-planning d\u00e9finie par notre bureau d&rsquo;\u00e9tudes, en cr\u00e9ant un environnement de travail qui refl\u00e8te votre culture d\u2019entreprise et favorise le bien-\u00eatre de vos collaborateurs.<br \/>Nous vous conseillons et s\u00e9lectionnons, parmi les gammes de nos partenaires fabricants, le mobilier le plus adapt\u00e9 \u00e0 vos usages : <strong>postes de travail ergonomiques<\/strong>, solutions de rangement intelligentes, <strong>espaces collaboratifs modulables<\/strong> et zones de d\u00e9tente. Chaque choix est guid\u00e9 par un triple objectif de fonctionnalit\u00e9, d\u2019esth\u00e9tique et de durabilit\u00e9, pour un r\u00e9sultat final parfaitement coh\u00e9rent et inspirant.<\/p>\t\t\t\t\t\t\t\t<\/div>\n\t\t\t\t<\/div>\n\t\t\t\t\t<\/div>\n\t\t<\/div>\n\t\t\t\t<div class=\"elementor-column elementor-col-50 elementor-top-column elementor-element elementor-element-ba84f1e\" data-id=\"ba84f1e\" data-element_type=\"column\">\n\t\t\t<div class=\"elementor-widget-wrap\">\n\t\t\t\t\t\t\t<\/div>\n\t\t<\/div>\n\t\t\t\t\t<\/div>\n\t\t<\/section>\n\t\t\t\t<section data-dynamic-background-color=\"#FFFFFF\" class=\"elementor-section elementor-top-section elementor-element elementor-element-a16cb38 elementor-section-boxed elementor-section-height-default elementor-section-height-default qodef-elementor-content-no qodef-elementor-column-no\" data-id=\"a16cb38\" data-element_type=\"section\">\n\t\t\t\t\t\t<div class=\"elementor-container elementor-column-gap-default\">\n\t\t\t\t\t<div class=\"elementor-column elementor-col-100 elementor-top-column elementor-element elementor-element-5b385ad\" data-id=\"5b385ad\" data-element_type=\"column\">\n\t\t\t<div class=\"elementor-widget-wrap elementor-element-populated\">\n\t\t\t\t\t\t<div class=\"elementor-element elementor-element-44da023 elementor-widget elementor-widget-text-editor\" data-id=\"44da023\" data-element_type=\"widget\" data-widget_type=\"text-editor.default\">\n\t\t\t\t<div class=\"elementor-widget-container\">\n\t\t\t\t\t\t\t\t\t<h2>Cr\u00e9ateurs d&rsquo;espaces, partenaires de votre croissance.<\/h2>\t\t\t\t\t\t\t\t<\/div>\n\t\t\t\t<\/div>\n\t\t\t\t\t<\/div>\n\t\t<\/div>\n\t\t\t\t\t<\/div>\n\t\t<\/section>\n\t\t\t\t<\/div>\n\t\t","protected":false},"excerpt":{"rendered":"<p>Services Bureau d&rsquo;\u00e9tudes Notre bureau d&rsquo;\u00e9tudes est l&rsquo;\u00e9tape strat\u00e9gique qui transforme votre vision d&rsquo;am\u00e9nagement en un projet technique concret, viable et s\u00e9curis\u00e9. Nos experts r\u00e9alisent les \u00e9tudes de faisabilit\u00e9, les diagnostics de l&rsquo;existant et con\u00e7oivent le space-planning, tout en assurant la conformit\u00e9 r\u00e9glementaire de votre projet.Nous pilotons ensuite la conception d\u00e9taill\u00e9e de tous les lots [&hellip;]<\/p>\n","protected":false},"author":1,"featured_media":0,"parent":0,"menu_order":0,"comment_status":"closed","ping_status":"closed","template":"page-full-width.php","meta":{"footnotes":""},"class_list":["post-2956","page","type-page","status-publish","hentry"],"yoast_head":"<!-- This site is optimized with the Yoast SEO plugin v26.0 - https:\/\/yoast.com\/wordpress\/plugins\/seo\/ -->\n<title>Services - Burokey<\/title>\n<meta name=\"robots\" content=\"index, follow, max-snippet:-1, max-image-preview:large, max-video-preview:-1\" \/>\n<link rel=\"canonical\" href=\"https:\/\/adn-conseil.fr\/formation\/wordpress\/services\/\" \/>\n<meta property=\"og:locale\" content=\"fr_FR\" \/>\n<meta property=\"og:type\" content=\"article\" \/>\n<meta property=\"og:title\" content=\"Services - Burokey\" \/>\n<meta property=\"og:description\" content=\"Services Bureau d&rsquo;\u00e9tudes Notre bureau d&rsquo;\u00e9tudes est l&rsquo;\u00e9tape strat\u00e9gique qui transforme votre vision d&rsquo;am\u00e9nagement en un projet technique concret, viable et s\u00e9curis\u00e9. Nos experts r\u00e9alisent les \u00e9tudes de faisabilit\u00e9, les diagnostics de l&rsquo;existant et con\u00e7oivent le space-planning, tout en assurant la conformit\u00e9 r\u00e9glementaire de votre projet.Nous pilotons ensuite la conception d\u00e9taill\u00e9e de tous les lots [&hellip;]\" \/>\n<meta property=\"og:url\" content=\"https:\/\/adn-conseil.fr\/formation\/wordpress\/services\/\" \/>\n<meta property=\"og:site_name\" content=\"Burokey\" \/>\n<meta property=\"article:modified_time\" content=\"2025-09-17T17:27:05+00:00\" \/>\n<meta property=\"og:image\" content=\"https:\/\/adn-conseil.fr\/formation\/wordpress\/wp-content\/uploads\/2025\/09\/bureau-etude-val-de-marne.jpg\" \/>\n<meta name=\"twitter:card\" content=\"summary_large_image\" \/>\n<meta name=\"twitter:label1\" content=\"Dur\u00e9e de lecture estim\u00e9e\" \/>\n\t<meta name=\"twitter:data1\" content=\"3 minutes\" \/>\n<script type=\"application\/ld+json\" class=\"yoast-schema-graph\">{\"@context\":\"https:\/\/schema.org\",\"@graph\":[{\"@type\":\"WebPage\",\"@id\":\"https:\/\/adn-conseil.fr\/formation\/wordpress\/services\/\",\"url\":\"https:\/\/adn-conseil.fr\/formation\/wordpress\/services\/\",\"name\":\"Services - Burokey\",\"isPartOf\":{\"@id\":\"https:\/\/adn-conseil.fr\/formation\/wordpress\/#website\"},\"primaryImageOfPage\":{\"@id\":\"https:\/\/adn-conseil.fr\/formation\/wordpress\/services\/#primaryimage\"},\"image\":{\"@id\":\"https:\/\/adn-conseil.fr\/formation\/wordpress\/services\/#primaryimage\"},\"thumbnailUrl\":\"https:\/\/adn-conseil.fr\/formation\/wordpress\/wp-content\/uploads\/2025\/09\/bureau-etude-val-de-marne.jpg\",\"datePublished\":\"2022-12-15T12:57:33+00:00\",\"dateModified\":\"2025-09-17T17:27:05+00:00\",\"breadcrumb\":{\"@id\":\"https:\/\/adn-conseil.fr\/formation\/wordpress\/services\/#breadcrumb\"},\"inLanguage\":\"fr-FR\",\"potentialAction\":[{\"@type\":\"ReadAction\",\"target\":[\"https:\/\/adn-conseil.fr\/formation\/wordpress\/services\/\"]}]},{\"@type\":\"ImageObject\",\"inLanguage\":\"fr-FR\",\"@id\":\"https:\/\/adn-conseil.fr\/formation\/wordpress\/services\/#primaryimage\",\"url\":\"https:\/\/adn-conseil.fr\/formation\/wordpress\/wp-content\/uploads\/2025\/09\/bureau-etude-val-de-marne.jpg\",\"contentUrl\":\"https:\/\/adn-conseil.fr\/formation\/wordpress\/wp-content\/uploads\/2025\/09\/bureau-etude-val-de-marne.jpg\",\"width\":901,\"height\":706},{\"@type\":\"BreadcrumbList\",\"@id\":\"https:\/\/adn-conseil.fr\/formation\/wordpress\/services\/#breadcrumb\",\"itemListElement\":[{\"@type\":\"ListItem\",\"position\":1,\"name\":\"Accueil\",\"item\":\"https:\/\/adn-conseil.fr\/formation\/wordpress\/\"},{\"@type\":\"ListItem\",\"position\":2,\"name\":\"Services\"}]},{\"@type\":\"WebSite\",\"@id\":\"https:\/\/adn-conseil.fr\/formation\/wordpress\/#website\",\"url\":\"https:\/\/adn-conseil.fr\/formation\/wordpress\/\",\"name\":\"ADN Conseil & Formation\",\"description\":\"Bureau d&#039;\u00e9tude - MOE - Am\u00e9nagement\",\"potentialAction\":[{\"@type\":\"SearchAction\",\"target\":{\"@type\":\"EntryPoint\",\"urlTemplate\":\"https:\/\/adn-conseil.fr\/formation\/wordpress\/?s={search_term_string}\"},\"query-input\":{\"@type\":\"PropertyValueSpecification\",\"valueRequired\":true,\"valueName\":\"search_term_string\"}}],\"inLanguage\":\"fr-FR\"}]}<\/script>\n<!-- \/ Yoast SEO plugin. -->","yoast_head_json":{"title":"Services - Burokey","robots":{"index":"index","follow":"follow","max-snippet":"max-snippet:-1","max-image-preview":"max-image-preview:large","max-video-preview":"max-video-preview:-1"},"canonical":"https:\/\/adn-conseil.fr\/formation\/wordpress\/services\/","og_locale":"fr_FR","og_type":"article","og_title":"Services - Burokey","og_description":"Services Bureau d&rsquo;\u00e9tudes Notre bureau d&rsquo;\u00e9tudes est l&rsquo;\u00e9tape strat\u00e9gique qui transforme votre vision d&rsquo;am\u00e9nagement en un projet technique concret, viable et s\u00e9curis\u00e9. Nos experts r\u00e9alisent les \u00e9tudes de faisabilit\u00e9, les diagnostics de l&rsquo;existant et con\u00e7oivent le space-planning, tout en assurant la conformit\u00e9 r\u00e9glementaire de votre projet.Nous pilotons ensuite la conception d\u00e9taill\u00e9e de tous les lots [&hellip;]","og_url":"https:\/\/adn-conseil.fr\/formation\/wordpress\/services\/","og_site_name":"Burokey","article_modified_time":"2025-09-17T17:27:05+00:00","og_image":[{"url":"https:\/\/adn-conseil.fr\/formation\/wordpress\/wp-content\/uploads\/2025\/09\/bureau-etude-val-de-marne.jpg","type":"","width":"","height":""}],"twitter_card":"summary_large_image","twitter_misc":{"Dur\u00e9e de lecture estim\u00e9e":"3 minutes"},"schema":{"@context":"https:\/\/schema.org","@graph":[{"@type":"WebPage","@id":"https:\/\/adn-conseil.fr\/formation\/wordpress\/services\/","url":"https:\/\/adn-conseil.fr\/formation\/wordpress\/services\/","name":"Services - Burokey","isPartOf":{"@id":"https:\/\/adn-conseil.fr\/formation\/wordpress\/#website"},"primaryImageOfPage":{"@id":"https:\/\/adn-conseil.fr\/formation\/wordpress\/services\/#primaryimage"},"image":{"@id":"https:\/\/adn-conseil.fr\/formation\/wordpress\/services\/#primaryimage"},"thumbnailUrl":"https:\/\/adn-conseil.fr\/formation\/wordpress\/wp-content\/uploads\/2025\/09\/bureau-etude-val-de-marne.jpg","datePublished":"2022-12-15T12:57:33+00:00","dateModified":"2025-09-17T17:27:05+00:00","breadcrumb":{"@id":"https:\/\/adn-conseil.fr\/formation\/wordpress\/services\/#breadcrumb"},"inLanguage":"fr-FR","potentialAction":[{"@type":"ReadAction","target":["https:\/\/adn-conseil.fr\/formation\/wordpress\/services\/"]}]},{"@type":"ImageObject","inLanguage":"fr-FR","@id":"https:\/\/adn-conseil.fr\/formation\/wordpress\/services\/#primaryimage","url":"https:\/\/adn-conseil.fr\/formation\/wordpress\/wp-content\/uploads\/2025\/09\/bureau-etude-val-de-marne.jpg","contentUrl":"https:\/\/adn-conseil.fr\/formation\/wordpress\/wp-content\/uploads\/2025\/09\/bureau-etude-val-de-marne.jpg","width":901,"height":706},{"@type":"BreadcrumbList","@id":"https:\/\/adn-conseil.fr\/formation\/wordpress\/services\/#breadcrumb","itemListElement":[{"@type":"ListItem","position":1,"name":"Accueil","item":"https:\/\/adn-conseil.fr\/formation\/wordpress\/"},{"@type":"ListItem","position":2,"name":"Services"}]},{"@type":"WebSite","@id":"https:\/\/adn-conseil.fr\/formation\/wordpress\/#website","url":"https:\/\/adn-conseil.fr\/formation\/wordpress\/","name":"ADN Conseil & Formation","description":"Bureau d&#039;\u00e9tude - MOE - Am\u00e9nagement","potentialAction":[{"@type":"SearchAction","target":{"@type":"EntryPoint","urlTemplate":"https:\/\/adn-conseil.fr\/formation\/wordpress\/?s={search_term_string}"},"query-input":{"@type":"PropertyValueSpecification","valueRequired":true,"valueName":"search_term_string"}}],"inLanguage":"fr-FR"}]}},"_links":{"self":[{"href":"https:\/\/adn-conseil.fr\/formation\/wordpress\/wp-json\/wp\/v2\/pages\/2956","targetHints":{"allow":["GET"]}}],"collection":[{"href":"https:\/\/adn-conseil.fr\/formation\/wordpress\/wp-json\/wp\/v2\/pages"}],"about":[{"href":"https:\/\/adn-conseil.fr\/formation\/wordpress\/wp-json\/wp\/v2\/types\/page"}],"author":[{"embeddable":true,"href":"https:\/\/adn-conseil.fr\/formation\/wordpress\/wp-json\/wp\/v2\/users\/1"}],"replies":[{"embeddable":true,"href":"https:\/\/adn-conseil.fr\/formation\/wordpress\/wp-json\/wp\/v2\/comments?post=2956"}],"version-history":[{"count":61,"href":"https:\/\/adn-conseil.fr\/formation\/wordpress\/wp-json\/wp\/v2\/pages\/2956\/revisions"}],"predecessor-version":[{"id":10562,"href":"https:\/\/adn-conseil.fr\/formation\/wordpress\/wp-json\/wp\/v2\/pages\/2956\/revisions\/10562"}],"wp:attachment":[{"href":"https:\/\/adn-conseil.fr\/formation\/wordpress\/wp-json\/wp\/v2\/media?parent=2956"}],"curies":[{"name":"wp","href":"https:\/\/api.w.org\/{rel}","templated":true}]}}