{"id":39,"date":"2025-05-12T11:12:06","date_gmt":"2025-05-12T09:12:06","guid":{"rendered":"https:\/\/adn-conseil.fr\/formation\/wordpress\/?page_id=39"},"modified":"2025-09-12T11:23:41","modified_gmt":"2025-09-12T09:23:41","slug":"mentions-legales","status":"publish","type":"page","link":"https:\/\/adn-conseil.fr\/formation\/wordpress\/mentions-legales\/","title":{"rendered":"Mentions l\u00e9gales"},"content":{"rendered":"\n<p>Conform\u00e9ment aux dispositions des articles 6-III et 19 de la Loi n\u00b0 2004-575 du 21 juin 2004 pour la Confiance dans l&rsquo;\u00e9conomie num\u00e9rique, dite L.C.E.N., il est port\u00e9 \u00e0 la connaissance des utilisateurs et visiteurs du site https:\/\/burokey.fr\/ les pr\u00e9sentes mentions l\u00e9gales.<\/p>\n\n\n\n<p><strong>Article 1. L&rsquo;\u00e9diteur<\/strong><\/p>\n\n\n\n<p>L&rsquo;\u00e9dition et la direction de la publication du site internet sont assur\u00e9es par :<\/p>\n\n\n\n<p><strong>Raison Sociale : <\/strong>BUROKEY<\/p>\n\n\n\n<p><strong>Forme juridique :<\/strong> SARL<\/p>\n\n\n\n<p><strong>Capital social : <\/strong>120 000 \u20ac<\/p>\n\n\n\n<p><strong>Adresse du si\u00e8ge social : <\/strong>40, rue Chapsal &#8211; 94340 Joinville-le-Pont<\/p>\n\n\n\n<p><strong>Num\u00e9ro de t\u00e9l\u00e9phone :<\/strong> 01 55 12 50 90<\/p>\n\n\n\n<p><strong>Adresse e-mail : <\/strong>contact@buro.fr<\/p>\n\n\n\n<p><strong>Num\u00e9ro d&rsquo;inscription au RCS :<\/strong> 394 180 160 RCS CRETEIL<\/p>\n\n\n\n<p><strong>Num\u00e9ro de TVA intracommunautaire : <\/strong>FR09 394 180 160<\/p>\n\n\n\n<p>Le directeur de la publication est J\u00e9r\u00f4me Commun, en sa qualit\u00e9 de cog\u00e9rant.<\/p>\n\n\n\n<p><strong>Article 2. L&rsquo;h\u00e9bergeur<\/strong><\/p>\n\n\n\n<p>L&rsquo;h\u00e9bergeur du Site est la soci\u00e9t\u00e9 .<\/p>\n\n\n\n<p><strong>Raison Sociale : <\/strong>Infomaniak<\/p>\n\n\n\n<p><strong>Adresse : <\/strong>Rue Eug\u00e8ne Marziano 25 1227 Les Acacias (GE)<\/p>\n\n\n\n<p><strong>Num\u00e9ro de t\u00e9l\u00e9phone :<\/strong> +41228203541<\/p>\n\n\n\n<p><strong>Article 3. Acc\u00e8s au site<\/strong><\/p>\n\n\n\n<p>Le Site est accessible en tout endroit, 7j\/7, 24h\/24 sauf cas de force majeure, interruption programm\u00e9e ou non et pouvant d\u00e9couler d\u2019une n\u00e9cessit\u00e9 de maintenance. En cas de modification, interruption ou suspension du Site, l&rsquo;\u00c9diteur ne saurait \u00eatre tenu responsable.<\/p>\n\n\n\n<p><strong>Article 4. Propri\u00e9t\u00e9 intellectuelle<\/strong><\/p>\n\n\n\n<p>Toute utilisation, reproduction, diffusion, commercialisation, modification de toute ou partie du Site, sans autorisation de l\u2019\u00c9diteur est prohib\u00e9e et pourra entra\u00eener des actions et poursuites judiciaires telles que notamment pr\u00e9vues par le Code de la propri\u00e9t\u00e9 intellectuelle et le Code civil.<\/p>\n\n\n\n<p>L&rsquo;ensemble des contenus de ce site (textes, images, logos, vid\u00e9os) est la propri\u00e9t\u00e9 exclusive de la soci\u00e9t\u00e9 Burokey ou de ses partenaires, et est prot\u00e9g\u00e9 par les lois fran\u00e7aises et internationales relatives \u00e0 la propri\u00e9t\u00e9 intellectuelle.<\/p>\n\n\n\n<p><strong>Article 5. Protection des donn\u00e9es personnelles (RGPD)<\/strong><\/p>\n\n\n\n<p>La soci\u00e9t\u00e9 Burokey, en sa qualit\u00e9 de responsable de traitement, s&rsquo;engage \u00e0 respecter les dispositions de la loi n\u00b078-17 du 6 janvier 1978 modifi\u00e9e et du R\u00e8glement (UE) 2016\/679 du 27 avril 2016 (RGPD).<\/p>\n\n\n\n<p>Les informations personnelles recueillies via le formulaire de contact (nom, pr\u00e9nom, adresse e-mail, num\u00e9ro de t\u00e9l\u00e9phone, etc.) sont enregistr\u00e9es dans un fichier informatis\u00e9 par l&rsquo;entreprise pour la gestion des demandes de contact et la relation commerciale qui peut en d\u00e9couler.<\/p>\n\n\n\n<p>Elles sont conserv\u00e9es pendant la dur\u00e9e n\u00e9cessaire au traitement de la demande et ne sont destin\u00e9es qu&rsquo;aux services internes de l&rsquo;entreprise. Elles ne sont pas transmises \u00e0 des tiers.<\/p>\n\n\n\n<p>Conform\u00e9ment \u00e0 la l\u00e9gislation, vous disposez d&rsquo;un droit d&rsquo;acc\u00e8s, de rectification, de suppression, d&rsquo;opposition et de portabilit\u00e9 de vos donn\u00e9es. Vous pouvez exercer votre droit en contactant l&rsquo;entreprise par e-mail \u00e0 l&rsquo;adresse contact@buro.fr ou par courrier postal \u00e0 l&rsquo;adresse du si\u00e8ge social mentionn\u00e9e \u00e0 l&rsquo;Article 1.<\/p>\n\n\n\n<p><strong>Article 6. Cookies<\/strong><\/p>\n\n\n\n<p>L&rsquo;utilisateur est inform\u00e9 que lors de ses visites sur le site, un ou des cookies sont susceptibles de s&rsquo;installer automatiquement sur son logiciel de navigation. Un cookie est un fichier de petite taille qui ne permet pas l&rsquo;identification de l&rsquo;utilisateur, mais qui enregistre des informations relatives \u00e0 la navigation d&rsquo;un ordinateur sur un site. Les donn\u00e9es ainsi obtenues visent \u00e0 faciliter la navigation ult\u00e9rieure sur le site, et ont \u00e9galement vocation \u00e0 permettre diverses mesures de fr\u00e9quentation.<\/p>\n\n\n\n<p>L&rsquo;utilisateur peut configurer son logiciel de navigation pour refuser l&rsquo;installation des cookies.<\/p>\n\n\n\n<p><strong>Article 7. Droit applicable et attribution de juridiction<\/strong><\/p>\n\n\n\n<p>Tout litige en relation avec l\u2019utilisation du site https:\/\/burokey.fr\/ est soumis au droit fran\u00e7ais. Il est fait attribution exclusive de juridiction aux tribunaux comp\u00e9tents de Cr\u00e9teil.<\/p>\n\n\n\n<p><\/p>\n","protected":false},"excerpt":{"rendered":"<p>Conform\u00e9ment aux dispositions des articles 6-III et 19 de la Loi n\u00b0 2004-575 du 21 juin 2004 pour la Confiance dans l&rsquo;\u00e9conomie num\u00e9rique, dite L.C.E.N., il est port\u00e9 \u00e0 la connaissance des utilisateurs et visiteurs du site https:\/\/burokey.fr\/ les pr\u00e9sentes mentions l\u00e9gales. Article 1. L&rsquo;\u00e9diteur L&rsquo;\u00e9dition et la direction de la publication du site internet [&hellip;]<\/p>\n","protected":false},"author":1,"featured_media":0,"parent":0,"menu_order":0,"comment_status":"closed","ping_status":"closed","template":"","meta":{"footnotes":""},"class_list":["post-39","page","type-page","status-publish","hentry"],"yoast_head":"<!-- This site is optimized with the Yoast SEO plugin v26.0 - https:\/\/yoast.com\/wordpress\/plugins\/seo\/ -->\n<title>Mentions l\u00e9gales - Burokey<\/title>\n<meta name=\"robots\" content=\"index, follow, max-snippet:-1, max-image-preview:large, max-video-preview:-1\" \/>\n<link rel=\"canonical\" href=\"https:\/\/adn-conseil.fr\/formation\/wordpress\/mentions-legales\/\" \/>\n<meta property=\"og:locale\" content=\"fr_FR\" \/>\n<meta property=\"og:type\" content=\"article\" \/>\n<meta property=\"og:title\" content=\"Mentions l\u00e9gales - Burokey\" \/>\n<meta property=\"og:description\" content=\"Conform\u00e9ment aux dispositions des articles 6-III et 19 de la Loi n\u00b0 2004-575 du 21 juin 2004 pour la Confiance dans l&rsquo;\u00e9conomie num\u00e9rique, dite L.C.E.N., il est port\u00e9 \u00e0 la connaissance des utilisateurs et visiteurs du site https:\/\/burokey.fr\/ les pr\u00e9sentes mentions l\u00e9gales. Article 1. L&rsquo;\u00e9diteur L&rsquo;\u00e9dition et la direction de la publication du site internet [&hellip;]\" \/>\n<meta property=\"og:url\" content=\"https:\/\/adn-conseil.fr\/formation\/wordpress\/mentions-legales\/\" \/>\n<meta property=\"og:site_name\" content=\"Burokey\" \/>\n<meta property=\"article:modified_time\" content=\"2025-09-12T09:23:41+00:00\" \/>\n<meta name=\"twitter:card\" content=\"summary_large_image\" \/>\n<meta name=\"twitter:label1\" content=\"Dur\u00e9e de lecture estim\u00e9e\" \/>\n\t<meta name=\"twitter:data1\" content=\"3 minutes\" \/>\n<script type=\"application\/ld+json\" class=\"yoast-schema-graph\">{\"@context\":\"https:\/\/schema.org\",\"@graph\":[{\"@type\":\"WebPage\",\"@id\":\"https:\/\/adn-conseil.fr\/formation\/wordpress\/mentions-legales\/\",\"url\":\"https:\/\/adn-conseil.fr\/formation\/wordpress\/mentions-legales\/\",\"name\":\"Mentions l\u00e9gales - Burokey\",\"isPartOf\":{\"@id\":\"https:\/\/adn-conseil.fr\/formation\/wordpress\/#website\"},\"datePublished\":\"2025-05-12T09:12:06+00:00\",\"dateModified\":\"2025-09-12T09:23:41+00:00\",\"breadcrumb\":{\"@id\":\"https:\/\/adn-conseil.fr\/formation\/wordpress\/mentions-legales\/#breadcrumb\"},\"inLanguage\":\"fr-FR\",\"potentialAction\":[{\"@type\":\"ReadAction\",\"target\":[\"https:\/\/adn-conseil.fr\/formation\/wordpress\/mentions-legales\/\"]}]},{\"@type\":\"BreadcrumbList\",\"@id\":\"https:\/\/adn-conseil.fr\/formation\/wordpress\/mentions-legales\/#breadcrumb\",\"itemListElement\":[{\"@type\":\"ListItem\",\"position\":1,\"name\":\"Accueil\",\"item\":\"https:\/\/adn-conseil.fr\/formation\/wordpress\/\"},{\"@type\":\"ListItem\",\"position\":2,\"name\":\"Mentions l\u00e9gales\"}]},{\"@type\":\"WebSite\",\"@id\":\"https:\/\/adn-conseil.fr\/formation\/wordpress\/#website\",\"url\":\"https:\/\/adn-conseil.fr\/formation\/wordpress\/\",\"name\":\"ADN Conseil & Formation\",\"description\":\"Bureau d&#039;\u00e9tude - MOE - Am\u00e9nagement\",\"potentialAction\":[{\"@type\":\"SearchAction\",\"target\":{\"@type\":\"EntryPoint\",\"urlTemplate\":\"https:\/\/adn-conseil.fr\/formation\/wordpress\/?s={search_term_string}\"},\"query-input\":{\"@type\":\"PropertyValueSpecification\",\"valueRequired\":true,\"valueName\":\"search_term_string\"}}],\"inLanguage\":\"fr-FR\"}]}<\/script>\n<!-- \/ Yoast SEO plugin. -->","yoast_head_json":{"title":"Mentions l\u00e9gales - Burokey","robots":{"index":"index","follow":"follow","max-snippet":"max-snippet:-1","max-image-preview":"max-image-preview:large","max-video-preview":"max-video-preview:-1"},"canonical":"https:\/\/adn-conseil.fr\/formation\/wordpress\/mentions-legales\/","og_locale":"fr_FR","og_type":"article","og_title":"Mentions l\u00e9gales - Burokey","og_description":"Conform\u00e9ment aux dispositions des articles 6-III et 19 de la Loi n\u00b0 2004-575 du 21 juin 2004 pour la Confiance dans l&rsquo;\u00e9conomie num\u00e9rique, dite L.C.E.N., il est port\u00e9 \u00e0 la connaissance des utilisateurs et visiteurs du site https:\/\/burokey.fr\/ les pr\u00e9sentes mentions l\u00e9gales. Article 1. L&rsquo;\u00e9diteur L&rsquo;\u00e9dition et la direction de la publication du site internet [&hellip;]","og_url":"https:\/\/adn-conseil.fr\/formation\/wordpress\/mentions-legales\/","og_site_name":"Burokey","article_modified_time":"2025-09-12T09:23:41+00:00","twitter_card":"summary_large_image","twitter_misc":{"Dur\u00e9e de lecture estim\u00e9e":"3 minutes"},"schema":{"@context":"https:\/\/schema.org","@graph":[{"@type":"WebPage","@id":"https:\/\/adn-conseil.fr\/formation\/wordpress\/mentions-legales\/","url":"https:\/\/adn-conseil.fr\/formation\/wordpress\/mentions-legales\/","name":"Mentions l\u00e9gales - Burokey","isPartOf":{"@id":"https:\/\/adn-conseil.fr\/formation\/wordpress\/#website"},"datePublished":"2025-05-12T09:12:06+00:00","dateModified":"2025-09-12T09:23:41+00:00","breadcrumb":{"@id":"https:\/\/adn-conseil.fr\/formation\/wordpress\/mentions-legales\/#breadcrumb"},"inLanguage":"fr-FR","potentialAction":[{"@type":"ReadAction","target":["https:\/\/adn-conseil.fr\/formation\/wordpress\/mentions-legales\/"]}]},{"@type":"BreadcrumbList","@id":"https:\/\/adn-conseil.fr\/formation\/wordpress\/mentions-legales\/#breadcrumb","itemListElement":[{"@type":"ListItem","position":1,"name":"Accueil","item":"https:\/\/adn-conseil.fr\/formation\/wordpress\/"},{"@type":"ListItem","position":2,"name":"Mentions l\u00e9gales"}]},{"@type":"WebSite","@id":"https:\/\/adn-conseil.fr\/formation\/wordpress\/#website","url":"https:\/\/adn-conseil.fr\/formation\/wordpress\/","name":"ADN Conseil & Formation","description":"Bureau d&#039;\u00e9tude - MOE - Am\u00e9nagement","potentialAction":[{"@type":"SearchAction","target":{"@type":"EntryPoint","urlTemplate":"https:\/\/adn-conseil.fr\/formation\/wordpress\/?s={search_term_string}"},"query-input":{"@type":"PropertyValueSpecification","valueRequired":true,"valueName":"search_term_string"}}],"inLanguage":"fr-FR"}]}},"_links":{"self":[{"href":"https:\/\/adn-conseil.fr\/formation\/wordpress\/wp-json\/wp\/v2\/pages\/39","targetHints":{"allow":["GET"]}}],"collection":[{"href":"https:\/\/adn-conseil.fr\/formation\/wordpress\/wp-json\/wp\/v2\/pages"}],"about":[{"href":"https:\/\/adn-conseil.fr\/formation\/wordpress\/wp-json\/wp\/v2\/types\/page"}],"author":[{"embeddable":true,"href":"https:\/\/adn-conseil.fr\/formation\/wordpress\/wp-json\/wp\/v2\/users\/1"}],"replies":[{"embeddable":true,"href":"https:\/\/adn-conseil.fr\/formation\/wordpress\/wp-json\/wp\/v2\/comments?post=39"}],"version-history":[{"count":8,"href":"https:\/\/adn-conseil.fr\/formation\/wordpress\/wp-json\/wp\/v2\/pages\/39\/revisions"}],"predecessor-version":[{"id":10283,"href":"https:\/\/adn-conseil.fr\/formation\/wordpress\/wp-json\/wp\/v2\/pages\/39\/revisions\/10283"}],"wp:attachment":[{"href":"https:\/\/adn-conseil.fr\/formation\/wordpress\/wp-json\/wp\/v2\/media?parent=39"}],"curies":[{"name":"wp","href":"https:\/\/api.w.org\/{rel}","templated":true}]}}